{"id":4435,"date":"2020-01-16T06:36:00","date_gmt":"2020-01-16T06:36:00","guid":{"rendered":"https:\/\/www.loreanutrizioa.com\/aviso-legal\/"},"modified":"2023-07-09T21:45:09","modified_gmt":"2023-07-09T21:45:09","slug":"aviso-legal","status":"publish","type":"page","link":"https:\/\/www.loreanutrizioa.com\/eu\/aviso-legal\/","title":{"rendered":"AVISO LEGAL"},"content":{"rendered":"\t\t<div data-elementor-type=\"wp-page\" data-elementor-id=\"4435\" class=\"elementor elementor-4435 elementor-148\" data-elementor-post-type=\"page\">\n\t\t\t\t\t\t<section class=\"elementor-section elementor-top-section elementor-element elementor-element-8e71a3b elementor-section-boxed elementor-section-height-default elementor-section-height-default\" data-id=\"8e71a3b\" data-element_type=\"section\">\n\t\t\t\t\t\t<div class=\"elementor-container elementor-column-gap-default\">\n\t\t\t\t\t<div class=\"elementor-column elementor-col-100 elementor-top-column elementor-element elementor-element-df7e801\" data-id=\"df7e801\" data-element_type=\"column\">\n\t\t\t<div class=\"elementor-widget-wrap elementor-element-populated\">\n\t\t\t\t\t\t<div class=\"elementor-element elementor-element-3788d32 elementor-widget elementor-widget-heading\" data-id=\"3788d32\" data-element_type=\"widget\" data-widget_type=\"heading.default\">\n\t\t\t\t<div class=\"elementor-widget-container\">\n\t\t\t<h2 class=\"elementor-heading-title elementor-size-default\">Aviso Legal<\/h2>\t\t<\/div>\n\t\t\t\t<\/div>\n\t\t\t\t<div class=\"elementor-element elementor-element-6a1bf27 elementor-widget elementor-widget-text-editor\" data-id=\"6a1bf27\" data-element_type=\"widget\" data-widget_type=\"text-editor.default\">\n\t\t\t\t<div class=\"elementor-widget-container\">\n\t\t\t\t\t\t\t<ol>\n<li>DATOS IDENTIFICATIVOS: En cumplimiento con el deber de informaci\u00f3n recogido en art\u00edculo 10 de la Ley 34\/2002, de 11 de julio, de Servicios de la Sociedad de la Informaci\u00f3n y del Comercio Electr\u00f3nico, a continuaci\u00f3n, ponemos en su conocimiento los siguientes datos:<\/li>\n<\/ol>\n<p> Empresa: LOREA AGIRRE IRIBARREN<br \/><span style=\"letter-spacing: 0.8px;\">        <\/span><span style=\"letter-spacing: 0.8px;\">CIF: 72685114P<br \/><\/span><span style=\"letter-spacing: 0.8px;\">        <\/span><span style=\"letter-spacing: 0.8px;\">Direcci\u00f3n: Carretera de Leiza 7, Doneztebe (Nafarroa)<br \/><\/span><span style=\"letter-spacing: 0.8px;\">        <\/span><span style=\"letter-spacing: 0.8px;\">Correo electr\u00f3nico: lorea@loreanutrizioa.com<\/span><br \/><span style=\"letter-spacing: 0.8px;\">        <\/span><span style=\"letter-spacing: 0.8px;\">Sitio web: loreanutrizioa.com <\/span><span style=\"letter-spacing: 0.8px;\">(el \u201cportal\u201d o \u201csitio web\u201d)<\/span><\/p>\n<ol start=\"2\">\n<li>USUARIOS: La utilizaci\u00f3n del presente portal es absolutamente voluntaria y supone la aceptaci\u00f3n plena por quien accede al mismo (el \u201cUsuario\u201d), de todas las condiciones de uso vigentes en cada momento que se encuentren en la presente direcci\u00f3n. LOREA AGIRRE IRIBARREN se reserva el derecho a retirar el acceso a la presente p\u00e1gina web, sin necesidad de previo aviso, a cualquier Usuario que contravenga lo dispuesto en estas condiciones de uso. El Usuario tendr\u00e1 la responsabilidad de leer atentamente las presentes condiciones. Las citadas condiciones ser\u00e1n de aplicaci\u00f3n independientemente de las condiciones generales de contrataci\u00f3n que, en su caso, resulten de obligado cumplimiento.<\/li>\n<\/ol>\n<ol start=\"3\">\n<li>USO DEL PORTAL: LOREA NUTRIZOA ETA DIETETIKA proporciona el acceso a multitud de informaciones, servicios, programas o datos (en adelante, los \u201ccontenidos\u201d) en Internet pertenecientes a LOREA AGIRRE IRIBARREN. El Usuario asume la responsabilidad del uso del portal. El Usuario se compromete a hacer un uso adecuado de los contenidos y servicios y, con car\u00e1cter enunciativo pero no limitativo, a no emplearlos para (i) incurrir en actividades il\u00edcitas, ilegales o contrarias a la buena fe y al orden p\u00fablico; (ii) difundir contenidos o propaganda de car\u00e1cter racista, xen\u00f3fobo, pornogr\u00e1fico-ilegal, de apolog\u00eda del terrorismo o atentatorio contra los derechos humanos; (iii) intentar acceder y, en su caso, utilizar las cuentas de correo electr\u00f3nico de otros usuarios y modificarlo o manipular sus mensajes.<\/li>\n<\/ol>\n<ol start=\"4\">\n<li>POL\u00cdTICA DE PRIVACIDAD: Informamos de que LOREA AGIRRE IRIBARREN cumple con las directrices de la normativa vigente en materia de protecci\u00f3n de datos personales, el Reglamento (UE) 2016\/679 de 27 de abril de 2016 (RGPD), as\u00ed como la LOPD, relativas a la protecci\u00f3n de las personas f\u00edsicas en cuanto al tratamiento de datos personales y a la libre circulaci\u00f3n de estos datos. Para m\u00e1s informaci\u00f3n, acceda a nuestra Pol\u00edtica de Privacidad.<\/li>\n<\/ol>\n<ol start=\"5\">\n<li>PROPIEDAD INTELECTUAL E INDUSTRIAL: Los contenidos del sitio web, incluyendo, entre otros, las im\u00e1genes y los textos de los art\u00edculos, cualquiera que sea su formato, son propiedad de LOREA AGIRRE IRIBARREN y\/o dispone de los derechos suficientes, y est\u00e1n protegidos por las leyes y tratados internacionales en materia de propiedad intelectual. En este sentido, queda expresamente prohibido copiar, reproducir, vender, transmitir, distribuir, republicar, modificar o mostrar para su uso comercial sin su previo consentimiento. El Usuario se compromete a respetar los derechos de Propiedad Intelectual e Industrial titularidad de LOREA AGIRRE IRIBARREN . El Usuario \u00fanicamente queda autorizado para visualizar y obtener una copia privada temporal de los contenidos para su exclusivo, uso personal y privado en sus sistemas inform\u00e1ticos (software y hardware), pero no autoriza que sean posteriormente cedidos a terceros.<\/li>\n<\/ol>\n<ol start=\"6\">\n<li>EXCLUSI\u00d3N DE GARANT\u00cdAS Y RESPONSABILIDAD: LOREA AGIRRE IRIBARREN no se hace responsable, en ning\u00fan caso, de los da\u00f1os y perjuicios de cualquier naturaleza que pudieran ocasionar, a t\u00edtulo enunciativo, errores u omisiones en los contenidos, falta de disponibilidad del portal o la transmisi\u00f3n de virus o programas maliciosos o lesivos en los contenidos, a pesar de haber adoptado todas las medidas tecnol\u00f3gicas necesarias para evitarlo. Los contenidos de este sitio web se ofrecen con una finalidad informativa y divulgativa. LOREA AGIRRE IRIBARREN se exime de cualquier responsabilidad, directa o indirecta, que pudiera derivarse del uso o aplicaci\u00f3n de la informaci\u00f3n de esta web fuera de sus prop\u00f3sitos. El material contenido en el Sitio Web no puede servir, en ning\u00fan caso, de sustitutivo del asesoramiento legal o de otra naturaleza. El acceso a este material no pretende constituir ni implica relaci\u00f3n alguna entre abogado y cliente, ni cualquier otro tipo de relaci\u00f3n de confianza o profesional entre LOREA AGIRRE IRIBARREN y el Usuario. Por ello, el Usuario no debe actuar sobre la base de la informaci\u00f3n contenida en el portal, sin recurrir previamente al correspondiente asesoramiento profesional. Asimismo, el Usuario no debe enviar a LOREA AGIRRE IRIBARREN ning\u00fan tipo de informaci\u00f3n confidencial sin haberlo consultado previamente con alguno de nuestros abogados y haber recibido autorizaci\u00f3n para remitir dicha informaci\u00f3n.<\/li>\n<\/ol>\n<ol start=\"7\">\n<li>COOKIES: El sitio web LOREA NUTRIZOA ETA DIETETIKA utiliza cookies (peque\u00f1os archivos de informaci\u00f3n que el servidor env\u00eda al ordenador de quien accede a la p\u00e1gina) para llevar a cabo determinadas funciones que son consideradas imprescindibles para el correcto funcionamiento y visualizaci\u00f3n del lugar. Para m\u00e1s informaci\u00f3n, acceda a nuestra <a href=\"https:\/\/l4lawabogados.com\/politica-de-cookies\">Pol\u00edtica de Cookies<\/a>. <\/li>\n<\/ol>\n<ol start=\"8\">\n<li>MODIFICACIONES: LOREA AGIRRE IRIBARREN se reserva el derecho de efectuar, sin previo aviso, las modificaciones que considere oportunas en su portal.<\/li>\n<\/ol>\n<ol start=\"9\">\n<li>ENLACES: En ning\u00fan caso asumir\u00e1 LOREA AGIRRE IRIBARREN responsabilidad alguna por los contenidos de alg\u00fan enlace perteneciente a un sitio web ajeno, ni garantizar\u00e1 la disponibilidad t\u00e9cnica, calidad, fiabilidad, exactitud, amplitud, veracidad, validez y constitucionalidad de cualquier material o informaci\u00f3n contenida en este sitio web.<\/li>\n<\/ol>\n<ol start=\"10\">\n<li>DERECHO DE EXCLUSI\u00d3N: LOREA AGIRRE IRIBARREN se reserva el derecho a denegar o retirar el acceso al portal y\/o los servicios ofrecidos sin necesidad de preaviso, a instancia propia o de un tercero, a aquellos Usuarios que incumplan el presente Aviso Legal.<\/li>\n<\/ol>\n<ol start=\"11\">\n<li>GENERALIDADES: LOREA AGIRRE IRIBARREN perseguir\u00e1 el incumplimiento del presente Aviso Legal, as\u00ed como cualquier utilizaci\u00f3n indebida de su portal, ejerciendo todas las acciones civiles y penales que le puedan corresponder en derecho.<\/li>\n<\/ol>\n<ol start=\"12\">\n<li>INDEPENDENCIA E INTEGRACI\u00d3N DE LAS CL\u00c1USULAS: La ilicitud, invalidez o ineficacia de cualquiera de las cl\u00e1usulas de las presentes cl\u00e1usulas no afectar\u00e1 a la eficacia del resto, siempre que los derechos y obligaciones de las partes derivadas de las mismas no se vieran afectados de forma esencial. Se entiende por esencial cualquier situaci\u00f3n que lesione gravemente los intereses de cualquiera de las partes, o que recaiga sobre el objeto mismo las presentes cl\u00e1usulas. Dichas cl\u00e1usulas deber\u00e1n reemplazarse o integrarse con otras que, siendo conformes a la ley, respondan a la finalidad de las sustituidas. Las partes renuncian a cualquier reclamaci\u00f3n por da\u00f1os y perjuicios que pudiera pedirse por esta circunstancia.<\/li>\n<\/ol>\n<ol start=\"13\">\n<li>MODIFICACI\u00d3N DE LAS PRESENTES CONDICIONES Y DURACI\u00d3N: podr\u00e1 modificar en cualquier momento las condiciones aqu\u00ed determinadas, siendo debidamente publicadas como aqu\u00ed aparecen. La vigencia de las citadas condiciones ir\u00e1 en funci\u00f3n de su exposici\u00f3n y estar\u00e1n vigentes hasta mientras no sean modificadas por otras debidamente publicadas.<\/li>\n<\/ol>\n<ol start=\"14\">\n<li>LEGISLACI\u00d3N APLICABLE Y JURISDICCI\u00d3N: La relaci\u00f3n entreLOREA AGIRRE IRIBARREN y el Usuario se regir\u00e1 por la normativa espa\u00f1ola vigente y cualquier controversia se someter\u00e1 a los Juzgados y Tribunales de la ciudad de Barcelona (Espa\u00f1a).<\/li>\n<\/ol>\n\t\t\t\t\t\t<\/div>\n\t\t\t\t<\/div>\n\t\t\t\t\t<\/div>\n\t\t<\/div>\n\t\t\t\t\t<\/div>\n\t\t<\/section>\n\t\t\t\t<\/div>\n\t\t","protected":false},"excerpt":{"rendered":"<p>Aviso Legal DATOS IDENTIFICATIVOS: En cumplimiento con el deber de informaci\u00f3n recogido en art\u00edculo 10 de la Ley 34\/2002, de 11 de julio, de Servicios de la Sociedad de la Informaci\u00f3n y del Comercio Electr\u00f3nico, a continuaci\u00f3n, ponemos en su conocimiento los siguientes datos: Empresa: LOREA AGIRRE IRIBARREN CIF: 72685114P Direcci\u00f3n: Carretera de Leiza 7, [&hellip;]<\/p>\n","protected":false},"author":1,"featured_media":0,"parent":0,"menu_order":0,"comment_status":"closed","ping_status":"closed","template":"elementor_header_footer","meta":{"footnotes":""},"yoast_head":"<!-- This site is optimized with the Yoast SEO plugin v22.8 - https:\/\/yoast.com\/wordpress\/plugins\/seo\/ -->\n<title>AVISO LEGAL - loreanutrizioa.com<\/title>\n<meta name=\"robots\" content=\"index, follow, max-snippet:-1, max-image-preview:large, max-video-preview:-1\" \/>\n<link rel=\"canonical\" href=\"https:\/\/www.loreanutrizioa.com\/eu\/aviso-legal\/\" \/>\n<meta property=\"og:locale\" content=\"eu_ES\" \/>\n<meta property=\"og:type\" content=\"article\" \/>\n<meta property=\"og:title\" content=\"AVISO LEGAL - loreanutrizioa.com\" \/>\n<meta property=\"og:description\" content=\"Aviso Legal DATOS IDENTIFICATIVOS: En cumplimiento con el deber de informaci\u00f3n recogido en art\u00edculo 10 de la Ley 34\/2002, de 11 de julio, de Servicios de la Sociedad de la Informaci\u00f3n y del Comercio Electr\u00f3nico, a continuaci\u00f3n, ponemos en su conocimiento los siguientes datos: Empresa: LOREA AGIRRE IRIBARREN CIF: 72685114P Direcci\u00f3n: Carretera de Leiza 7, [&hellip;]\" \/>\n<meta property=\"og:url\" content=\"https:\/\/www.loreanutrizioa.com\/eu\/aviso-legal\/\" \/>\n<meta property=\"og:site_name\" content=\"loreanutrizioa.com\" \/>\n<meta property=\"article:modified_time\" content=\"2023-07-09T21:45:09+00:00\" \/>\n<meta name=\"twitter:card\" content=\"summary_large_image\" \/>\n<meta name=\"twitter:label1\" content=\"Est. reading time\" \/>\n\t<meta name=\"twitter:data1\" content=\"6 minutes\" \/>\n<script type=\"application\/ld+json\" class=\"yoast-schema-graph\">{\"@context\":\"https:\/\/schema.org\",\"@graph\":[{\"@type\":\"WebPage\",\"@id\":\"https:\/\/www.loreanutrizioa.com\/eu\/aviso-legal\/\",\"url\":\"https:\/\/www.loreanutrizioa.com\/eu\/aviso-legal\/\",\"name\":\"AVISO LEGAL - loreanutrizioa.com\",\"isPartOf\":{\"@id\":\"https:\/\/www.loreanutrizioa.com\/#website\"},\"datePublished\":\"2020-01-16T06:36:00+00:00\",\"dateModified\":\"2023-07-09T21:45:09+00:00\",\"breadcrumb\":{\"@id\":\"https:\/\/www.loreanutrizioa.com\/eu\/aviso-legal\/#breadcrumb\"},\"inLanguage\":\"eu-ES\",\"potentialAction\":[{\"@type\":\"ReadAction\",\"target\":[\"https:\/\/www.loreanutrizioa.com\/eu\/aviso-legal\/\"]}]},{\"@type\":\"BreadcrumbList\",\"@id\":\"https:\/\/www.loreanutrizioa.com\/eu\/aviso-legal\/#breadcrumb\",\"itemListElement\":[{\"@type\":\"ListItem\",\"position\":1,\"name\":\"Portada\",\"item\":\"https:\/\/www.loreanutrizioa.com\/\"},{\"@type\":\"ListItem\",\"position\":2,\"name\":\"AVISO LEGAL\"}]},{\"@type\":\"WebSite\",\"@id\":\"https:\/\/www.loreanutrizioa.com\/#website\",\"url\":\"https:\/\/www.loreanutrizioa.com\/\",\"name\":\"loreanutrizioa.com\",\"description\":\"Nutrici\u00f3n y diet\u00e9tica\",\"publisher\":{\"@id\":\"https:\/\/www.loreanutrizioa.com\/#organization\"},\"potentialAction\":[{\"@type\":\"SearchAction\",\"target\":{\"@type\":\"EntryPoint\",\"urlTemplate\":\"https:\/\/www.loreanutrizioa.com\/?s={search_term_string}\"},\"query-input\":\"required name=search_term_string\"}],\"inLanguage\":\"eu-ES\"},{\"@type\":\"Organization\",\"@id\":\"https:\/\/www.loreanutrizioa.com\/#organization\",\"name\":\"loreanutrizioa.com\",\"url\":\"https:\/\/www.loreanutrizioa.com\/\",\"logo\":{\"@type\":\"ImageObject\",\"inLanguage\":\"eu-ES\",\"@id\":\"https:\/\/www.loreanutrizioa.com\/#\/schema\/logo\/image\/\",\"url\":\"https:\/\/www.loreanutrizioa.com\/wp-content\/uploads\/2020\/01\/lorea-nutrizioa-1.jpg\",\"contentUrl\":\"https:\/\/www.loreanutrizioa.com\/wp-content\/uploads\/2020\/01\/lorea-nutrizioa-1.jpg\",\"width\":1000,\"height\":628,\"caption\":\"loreanutrizioa.com\"},\"image\":{\"@id\":\"https:\/\/www.loreanutrizioa.com\/#\/schema\/logo\/image\/\"}}]}<\/script>\n<!-- \/ Yoast SEO plugin. -->","yoast_head_json":{"title":"AVISO LEGAL - loreanutrizioa.com","robots":{"index":"index","follow":"follow","max-snippet":"max-snippet:-1","max-image-preview":"max-image-preview:large","max-video-preview":"max-video-preview:-1"},"canonical":"https:\/\/www.loreanutrizioa.com\/eu\/aviso-legal\/","og_locale":"eu_ES","og_type":"article","og_title":"AVISO LEGAL - loreanutrizioa.com","og_description":"Aviso Legal DATOS IDENTIFICATIVOS: En cumplimiento con el deber de informaci\u00f3n recogido en art\u00edculo 10 de la Ley 34\/2002, de 11 de julio, de Servicios de la Sociedad de la Informaci\u00f3n y del Comercio Electr\u00f3nico, a continuaci\u00f3n, ponemos en su conocimiento los siguientes datos: Empresa: LOREA AGIRRE IRIBARREN CIF: 72685114P Direcci\u00f3n: Carretera de Leiza 7, [&hellip;]","og_url":"https:\/\/www.loreanutrizioa.com\/eu\/aviso-legal\/","og_site_name":"loreanutrizioa.com","article_modified_time":"2023-07-09T21:45:09+00:00","twitter_card":"summary_large_image","twitter_misc":{"Est. reading time":"6 minutes"},"schema":{"@context":"https:\/\/schema.org","@graph":[{"@type":"WebPage","@id":"https:\/\/www.loreanutrizioa.com\/eu\/aviso-legal\/","url":"https:\/\/www.loreanutrizioa.com\/eu\/aviso-legal\/","name":"AVISO LEGAL - loreanutrizioa.com","isPartOf":{"@id":"https:\/\/www.loreanutrizioa.com\/#website"},"datePublished":"2020-01-16T06:36:00+00:00","dateModified":"2023-07-09T21:45:09+00:00","breadcrumb":{"@id":"https:\/\/www.loreanutrizioa.com\/eu\/aviso-legal\/#breadcrumb"},"inLanguage":"eu-ES","potentialAction":[{"@type":"ReadAction","target":["https:\/\/www.loreanutrizioa.com\/eu\/aviso-legal\/"]}]},{"@type":"BreadcrumbList","@id":"https:\/\/www.loreanutrizioa.com\/eu\/aviso-legal\/#breadcrumb","itemListElement":[{"@type":"ListItem","position":1,"name":"Portada","item":"https:\/\/www.loreanutrizioa.com\/"},{"@type":"ListItem","position":2,"name":"AVISO LEGAL"}]},{"@type":"WebSite","@id":"https:\/\/www.loreanutrizioa.com\/#website","url":"https:\/\/www.loreanutrizioa.com\/","name":"loreanutrizioa.com","description":"Nutrici\u00f3n y diet\u00e9tica","publisher":{"@id":"https:\/\/www.loreanutrizioa.com\/#organization"},"potentialAction":[{"@type":"SearchAction","target":{"@type":"EntryPoint","urlTemplate":"https:\/\/www.loreanutrizioa.com\/?s={search_term_string}"},"query-input":"required name=search_term_string"}],"inLanguage":"eu-ES"},{"@type":"Organization","@id":"https:\/\/www.loreanutrizioa.com\/#organization","name":"loreanutrizioa.com","url":"https:\/\/www.loreanutrizioa.com\/","logo":{"@type":"ImageObject","inLanguage":"eu-ES","@id":"https:\/\/www.loreanutrizioa.com\/#\/schema\/logo\/image\/","url":"https:\/\/www.loreanutrizioa.com\/wp-content\/uploads\/2020\/01\/lorea-nutrizioa-1.jpg","contentUrl":"https:\/\/www.loreanutrizioa.com\/wp-content\/uploads\/2020\/01\/lorea-nutrizioa-1.jpg","width":1000,"height":628,"caption":"loreanutrizioa.com"},"image":{"@id":"https:\/\/www.loreanutrizioa.com\/#\/schema\/logo\/image\/"}}]}},"_links":{"self":[{"href":"https:\/\/www.loreanutrizioa.com\/eu\/wp-json\/wp\/v2\/pages\/4435"}],"collection":[{"href":"https:\/\/www.loreanutrizioa.com\/eu\/wp-json\/wp\/v2\/pages"}],"about":[{"href":"https:\/\/www.loreanutrizioa.com\/eu\/wp-json\/wp\/v2\/types\/page"}],"author":[{"embeddable":true,"href":"https:\/\/www.loreanutrizioa.com\/eu\/wp-json\/wp\/v2\/users\/1"}],"replies":[{"embeddable":true,"href":"https:\/\/www.loreanutrizioa.com\/eu\/wp-json\/wp\/v2\/comments?post=4435"}],"version-history":[{"count":1,"href":"https:\/\/www.loreanutrizioa.com\/eu\/wp-json\/wp\/v2\/pages\/4435\/revisions"}],"predecessor-version":[{"id":4436,"href":"https:\/\/www.loreanutrizioa.com\/eu\/wp-json\/wp\/v2\/pages\/4435\/revisions\/4436"}],"wp:attachment":[{"href":"https:\/\/www.loreanutrizioa.com\/eu\/wp-json\/wp\/v2\/media?parent=4435"}],"curies":[{"name":"wp","href":"https:\/\/api.w.org\/{rel}","templated":true}]}}